{"id":2380,"date":"2025-05-28T15:48:06","date_gmt":"2025-05-28T18:48:06","guid":{"rendered":"https:\/\/alames.org\/quem-somos\/coordenacao-colegiada\/"},"modified":"2025-05-28T15:51:46","modified_gmt":"2025-05-28T18:51:46","slug":"coordenacao-colegiada","status":"publish","type":"page","link":"https:\/\/alames.org\/pt-br\/quem-somos\/coordenacao-colegiada\/","title":{"rendered":"Coordena\u00e7\u00e3o colegiada"},"content":{"rendered":"<h3>Argentina<\/h3>\n<ul>\n<li><a href=\"mailto:gsusanlopez@gmail.com\">Susan Lopez<\/a><\/li>\n<li><a href=\"mailto:jcanella05@gmail.com\">Juan Canella<\/a> (suplente)<\/li>\n<\/ul>\n<h3>Bol\u00edvia<\/h3>\n<ul>\n<li><a href=\"mailto:jjemio27@gmail.com\">Jorge Jemio<\/a><\/li>\n<li><a href=\"mailto:nherediam@gmail.com\">Nila Heredia<\/a> (suplente)<\/li>\n<\/ul>\n<h3>Brasil<\/h3>\n<ul>\n<li><a href=\"mailto:dotorana@gmail.com\">Ana Maria Costa<\/a><\/li>\n<li><a href=\"mailto:marialuciarizzotto@gmail.com\">Maria Lucia Frizon Rizzotto<\/a> (suplente)<\/li>\n<\/ul>\n<h3>Chile<\/h3>\n<ul>\n<li><a href=\"mailto:mvaleriaquilapan@gmail.com\">Maritza Valeria-Quilapan<\/a><\/li>\n<li><a href=\"mailto:scaffcarmenluz@gmail.com\">Carmen-Luz Scaff<\/a> (suplente)<\/li>\n<\/ul>\n<h3>Col\u00f4mbia<\/h3>\n<ul>\n<li><a href=\"mailto:alamescolombia@gmail.com\">Claudia Beatriz Naranjo G\u00f3mez<\/a><\/li>\n<li><a href=\"mailto:cardonaunal1@gmail.com\">Jennifer Paola Cardona Malaver<\/a> (suplente)<\/li>\n<\/ul>\n<h3>Equador<\/h3>\n<ul>\n<li><a href=\"mailto:elxavito72@hotmail.com\">Xavier Maldonado<\/a><\/li>\n<li><a href=\"mailto:mbelen3@hotmail.com\">Maria Belen Mena<\/a> (suplente)<\/li>\n<\/ul>\n<h3>El Salvador<\/h3>\n<ul>\n<li><a href=\"mailto:guayo7181@gmail.com\">Eduardo Antonio Espinoza Fiallos<\/a><\/li>\n<li><a href=\"mailto:morena.murillo@gmail.com\">Morena Guadalupe Murillo Ar\u00e9valo<\/a> (suplente)<\/li>\n<\/ul>\n<h3>Guatemala<\/h3>\n<ul>\n<li><a href=\"mailto:giovanni.salazar28@gmail.com\">Giovanni Salazar Moreno<\/a><\/li>\n<li><a href=\"mailto:juanemilioh@yahoo.com\">Emilio Hern\u00e1ndez<\/a> (suplente)<\/li>\n<\/ul>\n<h3>M\u00e9xico<\/h3>\n<ul>\n<li><a href=\"mailto:alamesmx@gmail.com\">Ana Rita Castro<\/a><\/li>\n<li><a href=\"mailto:alamesmex@gmail.com\">David Ben\u00edtez Valladares<\/a> (suplente)<\/li>\n<\/ul>\n<h3>Paraguai<\/h3>\n<ul>\n<li><a href=\"mailto:ruth_irala@yahoo.com\">Ruth Irala<\/a><\/li>\n<li><a href=\"mailto:marthaperrotta48@gmail.com\">Martha Perrotta<\/a> (suplente)<\/li>\n<\/ul>\n<h3>Peru<\/h3>\n<ul>\n<li><a href=\"mailto:lucholazo80@gmail.com\">Luis Lazo Valdivia<\/a><\/li>\n<li><a href=\"mailto:berriosmariavictoria2024@gmail.com\">Mar\u00eda Berrios P\u00e9rez<\/a> (suplente)<\/li>\n<\/ul>\n<h3>Rep\u00fablica Dominicana<\/h3>\n<ul>\n<li><a href=\"mailto:robertoespinal88@gmail.com\">Roberto Espinal<\/a><\/li>\n<li><a href=\"mailto:jselig13@gmail.com\">Jose Selig<\/a> (suplente)<\/li>\n<\/ul>\n<h3>Uruguai<\/h3>\n<ul>\n<li><a href=\"mailto:rosariogsalto@gmail.com\">Maria del Rosario Gularte Albornoz<\/a><\/li>\n<li><a href=\"mailto:gtapia2204@gmail.com\">Gabriel Tapia<\/a> (suplente)<\/li>\n<\/ul>\n<h3>Venezuela<\/h3>\n<ul>\n<li><a href=\"mailto:maryramosr@gmail.com\">Maria Ramos<\/a><\/li>\n<li><a href=\"mailto:monterocaond@gmail.com\">Daniel Montero Caon<\/a> (suplente)<\/li>\n<\/ul>\n","protected":false},"excerpt":{"rendered":"<p>Argentina Susan Lopez Juan Canella (suplente) Bol\u00edvia Jorge Jemio Nila Heredia (suplente) Brasil Ana Maria Costa Maria Lucia Frizon Rizzotto (suplente) Chile Maritza Valeria-Quilapan Carmen-Luz Scaff (suplente) Col\u00f4mbia Claudia Beatriz Naranjo G\u00f3mez Jennifer Paola Cardona Malaver (suplente) Equador Xavier Maldonado Maria Belen Mena (suplente) El Salvador Eduardo Antonio Espinoza Fiallos Morena Guadalupe Murillo Ar\u00e9valo (suplente) Guatemala Giovanni Salazar Moreno Emilio Hern\u00e1ndez (suplente) M\u00e9xico Ana Rita Castro David Ben\u00edtez Valladares (suplente) Paraguai Ruth Irala Martha Perrotta (suplente) Peru Luis Lazo Valdivia Mar\u00eda Berrios P\u00e9rez (suplente) Rep\u00fablica Dominicana Roberto Espinal Jose Selig (suplente) Uruguai Maria del Rosario Gularte Albornoz Gabriel Tapia (suplente) [&hellip;]<\/p>\n","protected":false},"author":1,"featured_media":0,"parent":1445,"menu_order":0,"comment_status":"closed","ping_status":"closed","template":"","meta":{"footnotes":""},"class_list":["post-2380","page","type-page","status-publish","hentry"],"_links":{"self":[{"href":"https:\/\/alames.org\/pt-br\/wp-json\/wp\/v2\/pages\/2380","targetHints":{"allow":["GET"]}}],"collection":[{"href":"https:\/\/alames.org\/pt-br\/wp-json\/wp\/v2\/pages"}],"about":[{"href":"https:\/\/alames.org\/pt-br\/wp-json\/wp\/v2\/types\/page"}],"author":[{"embeddable":true,"href":"https:\/\/alames.org\/pt-br\/wp-json\/wp\/v2\/users\/1"}],"replies":[{"embeddable":true,"href":"https:\/\/alames.org\/pt-br\/wp-json\/wp\/v2\/comments?post=2380"}],"version-history":[{"count":1,"href":"https:\/\/alames.org\/pt-br\/wp-json\/wp\/v2\/pages\/2380\/revisions"}],"predecessor-version":[{"id":2381,"href":"https:\/\/alames.org\/pt-br\/wp-json\/wp\/v2\/pages\/2380\/revisions\/2381"}],"up":[{"embeddable":true,"href":"https:\/\/alames.org\/pt-br\/wp-json\/wp\/v2\/pages\/1445"}],"wp:attachment":[{"href":"https:\/\/alames.org\/pt-br\/wp-json\/wp\/v2\/media?parent=2380"}],"curies":[{"name":"wp","href":"https:\/\/api.w.org\/{rel}","templated":true}]}}