{"id":2463,"date":"2025-08-19T13:25:23","date_gmt":"2025-08-19T16:25:23","guid":{"rendered":"https:\/\/alames.org\/junte-se-a-alames\/"},"modified":"2025-09-29T13:51:26","modified_gmt":"2025-09-29T16:51:26","slug":"junte-se-a-alames","status":"publish","type":"page","link":"https:\/\/alames.org\/pt-br\/junte-se-a-alames\/","title":{"rendered":"Junte-se a Alames!"},"content":{"rendered":"<p>A Alames \u00e9 uma associa\u00e7\u00e3o de profissionais de sa\u00fade e membros de movimentos sociais comprometidos com a conquista do direito universal \u00e0 sa\u00fade. Re\u00fane professores, pesquisadores e profissionais de sa\u00fade em torno da compreens\u00e3o da sa\u00fade como produto da determina\u00e7\u00e3o econ\u00f4mica e social e, portanto, sua realiza\u00e7\u00e3o envolve uma luta pol\u00edtica cont\u00ednua. <\/p>\n<p>Junte-se a n\u00f3s e trabalhe conosco em uma de nossas redes tem\u00e1ticas que geram conte\u00fado para forma\u00e7\u00e3o e a\u00e7\u00e3o na perspectiva do pensamento cr\u00edtico em sa\u00fade.<\/p>\n<p><strong>Como voc\u00ea pode participar do Alames?<\/strong><\/p>\n<p>1. Junte-se a redes tem\u00e1ticas.<br \/>\n2. Participando das atividades do cap\u00edtulo do meu pa\u00eds.<br \/>\n3. Divulgar e compartilhar o material produzido pela Alames.<\/p>\n<p>&nbsp;<\/p>\n\n<div class=\"wpcf7 no-js\" id=\"wpcf7-f2525-o1\" lang=\"pt-BR\" dir=\"ltr\" data-wpcf7-id=\"2525\">\n<div class=\"screen-reader-response\"><p role=\"status\" aria-live=\"polite\" aria-atomic=\"true\"><\/p> <ul><\/ul><\/div>\n<form action=\"\/pt-br\/wp-json\/wp\/v2\/pages\/2463#wpcf7-f2525-o1\" method=\"post\" class=\"wpcf7-form init\" aria-label=\"Formul\u00e1rios de contato\" novalidate=\"novalidate\" data-status=\"init\">\n<fieldset class=\"hidden-fields-container\"><input type=\"hidden\" name=\"_wpcf7\" value=\"2525\" \/><input type=\"hidden\" name=\"_wpcf7_version\" value=\"6.1.3\" \/><input type=\"hidden\" name=\"_wpcf7_locale\" value=\"pt_BR\" \/><input type=\"hidden\" name=\"_wpcf7_unit_tag\" value=\"wpcf7-f2525-o1\" \/><input type=\"hidden\" name=\"_wpcf7_container_post\" value=\"0\" \/><input type=\"hidden\" name=\"_wpcf7_posted_data_hash\" value=\"\" \/>\n<\/fieldset>\n<p><label> Nome completo:<br \/>\n<span class=\"wpcf7-form-control-wrap\" data-name=\"your-name\"><input size=\"40\" maxlength=\"400\" class=\"wpcf7-form-control wpcf7-text wpcf7-validates-as-required\" autocomplete=\"name\" aria-required=\"true\" aria-invalid=\"false\" value=\"\" type=\"text\" name=\"your-name\" \/><\/span> <\/label>\n<\/p>\n<p><label> Email:<br \/>\n<span class=\"wpcf7-form-control-wrap\" data-name=\"your-email\"><input size=\"40\" maxlength=\"400\" class=\"wpcf7-form-control wpcf7-email wpcf7-validates-as-required wpcf7-text wpcf7-validates-as-email\" autocomplete=\"email\" aria-required=\"true\" aria-invalid=\"false\" value=\"\" type=\"email\" name=\"your-email\" \/><\/span> <\/label>\n<\/p>\n<p><label> G\u00eanero: <span class=\"wpcf7-form-control-wrap\" data-name=\"genero\"><select class=\"wpcf7-form-control wpcf7-select\" aria-invalid=\"false\" name=\"genero\"><option value=\"Masculino\">Masculino<\/option><option value=\"Feminino\">Feminino<\/option><option value=\"N\u00e3o-bin\u00e1rio\">N\u00e3o-bin\u00e1rio<\/option><option value=\"Prefiro n\u00e3o dizer\">Prefiro n\u00e3o dizer<\/option><\/select><\/span><br \/>\n<\/label>\n<\/p>\n<p><label>Grupo \u00e9tnico: <span class=\"wpcf7-form-control-wrap\" data-name=\"etnia\"><select class=\"wpcf7-form-control wpcf7-select\" aria-invalid=\"false\" name=\"etnia\"><option value=\"Branco\">Branco<\/option><option value=\"Preto\">Preto<\/option><option value=\"Pardo\">Pardo<\/option><option value=\"Amarelo\">Amarelo<\/option><option value=\"Ind\u00edgena\">Ind\u00edgena<\/option><\/select><\/span><\/label>\n<\/p>\n<p><label>Pa\u00eds de resid\u00eancia: <span class=\"wpcf7-form-control-wrap\" data-name=\"pais\"><input size=\"40\" maxlength=\"36\" class=\"wpcf7-form-control wpcf7-text\" aria-invalid=\"false\" value=\"\" type=\"text\" name=\"pais\" \/><\/span><\/label>\n<\/p>\n<p><label>Forma\u00e7\u00e3o Acad\u00eamica: <span class=\"wpcf7-form-control-wrap\" data-name=\"educacion\"><select class=\"wpcf7-form-control wpcf7-select\" aria-invalid=\"false\" name=\"educacion\"><option value=\"Secund\u00e1rio\">Secund\u00e1rio<\/option><option value=\"Gradua\u00e7\u00e3o\">Gradua\u00e7\u00e3o<\/option><option value=\"Mestrado\">Mestrado<\/option><option value=\"Doutorado\">Doutorado<\/option><option value=\"Outros\">Outros<\/option><\/select><\/span><\/label>\n<\/p>\n<p><label>Profiss\u00e3o: <span class=\"wpcf7-form-control-wrap\" data-name=\"Profesion\"><input size=\"40\" maxlength=\"36\" class=\"wpcf7-form-control wpcf7-text\" aria-invalid=\"false\" value=\"\" type=\"text\" name=\"Profesion\" \/><\/span> <\/label>\n<\/p>\n<p><label>V\u00ednculo Institucional: <span class=\"wpcf7-form-control-wrap\" data-name=\"Instituicion\"><input size=\"40\" maxlength=\"36\" class=\"wpcf7-form-control wpcf7-text\" aria-invalid=\"false\" value=\"\" type=\"text\" name=\"Instituicion\" \/><\/span> <\/label>\n<\/p>\n<p><label>Setor de atividade: <\/label><span class=\"wpcf7-form-control-wrap\" data-name=\"Setor\"><select class=\"wpcf7-form-control wpcf7-select\" aria-invalid=\"false\" name=\"Setor\"><option value=\"Movimento social\">Movimento social<\/option><option value=\"Professor\">Professor<\/option><option value=\"Estudante\">Estudante<\/option><option value=\"Profissional de sa\u00fade\">Profissional de sa\u00fade<\/option><option value=\"Outro\">Outro<\/option><\/select><\/span>\n<\/p>\n<p><input class=\"wpcf7-form-control wpcf7-submit has-spinner\" type=\"submit\" value=\"Enviar\" \/>\n<\/p><p style=\"display: none !important;\" class=\"akismet-fields-container\" data-prefix=\"_wpcf7_ak_\"><label>&#916;<textarea name=\"_wpcf7_ak_hp_textarea\" cols=\"45\" rows=\"8\" maxlength=\"100\"><\/textarea><\/label><input type=\"hidden\" id=\"ak_js_1\" name=\"_wpcf7_ak_js\" value=\"246\"\/><script>document.getElementById( \"ak_js_1\" ).setAttribute( \"value\", ( new Date() ).getTime() );<\/script><\/p><div class=\"wpcf7-response-output\" aria-hidden=\"true\"><\/div>\n<\/form>\n<\/div>\n\n","protected":false},"excerpt":{"rendered":"<p>A Alames \u00e9 uma associa\u00e7\u00e3o de profissionais de sa\u00fade e membros de movimentos sociais comprometidos com a conquista do direito universal \u00e0 sa\u00fade. Re\u00fane professores, pesquisadores e profissionais de sa\u00fade em torno da compreens\u00e3o da sa\u00fade como produto da determina\u00e7\u00e3o econ\u00f4mica e social e, portanto, sua realiza\u00e7\u00e3o envolve uma luta pol\u00edtica cont\u00ednua. Junte-se a n\u00f3s e trabalhe conosco em uma de nossas redes tem\u00e1ticas que geram conte\u00fado para forma\u00e7\u00e3o e a\u00e7\u00e3o na perspectiva do pensamento cr\u00edtico em sa\u00fade. Como voc\u00ea pode participar do Alames? 1. Junte-se a redes tem\u00e1ticas. 2. Participando das atividades do cap\u00edtulo do meu pa\u00eds. 3. Divulgar [&hellip;]<\/p>\n","protected":false},"author":1,"featured_media":0,"parent":0,"menu_order":0,"comment_status":"closed","ping_status":"closed","template":"","meta":{"footnotes":""},"class_list":["post-2463","page","type-page","status-publish","hentry"],"_links":{"self":[{"href":"https:\/\/alames.org\/pt-br\/wp-json\/wp\/v2\/pages\/2463","targetHints":{"allow":["GET"]}}],"collection":[{"href":"https:\/\/alames.org\/pt-br\/wp-json\/wp\/v2\/pages"}],"about":[{"href":"https:\/\/alames.org\/pt-br\/wp-json\/wp\/v2\/types\/page"}],"author":[{"embeddable":true,"href":"https:\/\/alames.org\/pt-br\/wp-json\/wp\/v2\/users\/1"}],"replies":[{"embeddable":true,"href":"https:\/\/alames.org\/pt-br\/wp-json\/wp\/v2\/comments?post=2463"}],"version-history":[{"count":2,"href":"https:\/\/alames.org\/pt-br\/wp-json\/wp\/v2\/pages\/2463\/revisions"}],"predecessor-version":[{"id":2527,"href":"https:\/\/alames.org\/pt-br\/wp-json\/wp\/v2\/pages\/2463\/revisions\/2527"}],"wp:attachment":[{"href":"https:\/\/alames.org\/pt-br\/wp-json\/wp\/v2\/media?parent=2463"}],"curies":[{"name":"wp","href":"https:\/\/api.w.org\/{rel}","templated":true}]}}